{"id":13,"date":"2019-03-06T08:28:58","date_gmt":"2019-03-06T07:28:58","guid":{"rendered":"http:\/\/ohg-wunstorf.de\/wp-ohg\/?page_id=13"},"modified":"2022-05-17T06:41:29","modified_gmt":"2022-05-17T04:41:29","slug":"veranstaltungen","status":"publish","type":"page","link":"https:\/\/ohg-wunstorf.de\/?page_id=13","title":{"rendered":"Bildergalerie"},"content":{"rendered":"<h4 style=\"text-align: center;\">Wir bieten unseren Service auch f\u00fcr Ihre Veranstaltung an<\/h4>\n\n<div class=\"gdgallery-gallery-container\" id=\"gdgallery-container-2\" data-id=\"2\">\n    \n<div id=\"gdgallery_container_2\" style=\"display:none;\" data-view=\"justified\">\n            <a href=\"\" target=\"_blank\">\n            <img decoding=\"async\" alt=\"Clubraum und Terrasse \"\n                 data-type=\"image\"\n                 src=\"https:\/\/ohg-wunstorf.de\/wp-content\/uploads\/2019\/03\/ClubraumundTerrasse.jpg\"\n                 data-image=\"https:\/\/ohg-wunstorf.de\/wp-content\/uploads\/2019\/03\/ClubraumundTerrasse.jpg\"\n                 data-description=\"Clubraum und Terrasse (c) OHG Wunstorf\"\n                                 style=\"display:block\">\n        <\/a>\n            <a href=\"\" target=\"_blank\">\n            <img decoding=\"async\" alt=\"Collage Geburtstag \"\n                 data-type=\"image\"\n                 src=\"https:\/\/ohg-wunstorf.de\/wp-content\/uploads\/2019\/03\/Collage_Geburtstag.jpg\"\n                 data-image=\"https:\/\/ohg-wunstorf.de\/wp-content\/uploads\/2019\/03\/Collage_Geburtstag.jpg\"\n                 data-description=\"Impressionen Collage Geburtstag (c) OHG Wunstorf\"\n                                 style=\"display:block\">\n        <\/a>\n            <a href=\"\" target=\"_blank\">\n            <img decoding=\"async\" alt=\"Collage Damenzimmer \"\n                 data-type=\"image\"\n                 src=\"https:\/\/ohg-wunstorf.de\/wp-content\/uploads\/2019\/03\/DamenZimmer.jpg\"\n                 data-image=\"https:\/\/ohg-wunstorf.de\/wp-content\/uploads\/2019\/03\/DamenZimmer.jpg\"\n                 data-description=\"Impressionen Collage Damenzimmer (c) OHG Wunstorf\"\n                                 style=\"display:block\">\n        <\/a>\n    <\/div>\n\n\n\n<script type=\"text\/javascript\">\n\n\n    (function() {\n        var runMyCode = function() {\n            jQuery(document).ready(function () {\n                var container = jQuery(\"#gdgallery_container_2\");\n                container.unitegallery({\"gallery_theme\":\"justified\",\"tiles_type\":\"justified\",\"tiles_justified_space_between\":10,\"tile_enable_textpanel\":true,\"tile_textpanel_always_on\":true,\"tile_textpanel_title_text_align\":\"center\",\"tile_textpanel_title_font_size\":\"16\",\"tile_textpanel_title_color\":\"#FFFFFF\",\"tile_textpanel_bg_color\":\"#333333\",\"tile_textpanel_bg_opacity\":0.69999999999999996,\"tile_enable_border\":true,\"tile_border_width\":\"0\",\"tile_border_color\":\"#333333\",\"tile_border_radius\":\"0\",\"tile_enable_overlay\":true,\"tile_enable_image_effect\":true,\"tile_image_effect_type\":\"blur\",\"tile_image_effect_reverse\":true,\"tile_enable_shadow\":false,\"tile_as_link\":false,\"tile_enable_icons\":true,\"tile_show_link_icon\":true,\"tile_textpanel_appear_type\":\"slide\",\"tile_textpanel_position\":\"inside_bottom\",\"tile_link_newpage\":true,\"lightbox_type\":\"wide\",\"lightbox_arrows_offset\":0,\"lightbox_overlay_color\":\"#000000\",\"lightbox_overlay_opacity\":1,\"lightbox_top_panel_opacity\":1,\"lightbox_show_numbers\":true,\"lightbox_numbers_size\":\"15\",\"lightbox_numbers_color\":\"#FFFFFF\",\"lightbox_slider_image_border_width\":\"0\",\"lightbox_slider_image_border_color\":\"#FFFFFF\",\"lightbox_slider_image_border_radius\":0,\"lightbox_slider_image_shadow\":true,\"lightbox_slider_control_swipe\":true,\"lightbox_slider_control_zoom\":true,\"lightbox_slider_image_border\":true,\"lightbox_show_textpanel\":true,\"lightbox_textpanel_enable_title\":true,\"lightbox_textpanel_enable_description\":false,\"lightbox_textpanel_padding_top\":5,\"lightbox_textpanel_padding_bottom\":5,\"lightbox_textpanel_padding_right\":5,\"lightbox_textpanel_padding_left\":5,\"lightbox_textpanel_title_color\":\"#FFFFFF\",\"lightbox_textpanel_title_text_align\":\"center\",\"lightbox_textpanel_title_font_size\":\"16\",\"lightbox_textpanel_desc_color\":\"#FFFFFF\",\"lightbox_textpanel_desc_text_align\":\"center\",\"lightbox_textpanel_desc_font_size\":\"14\"});\n            });\n        };\n        var timer = function() {\n            if (window.jQuery) {runMyCode(window.jQuery);}\n            else {window.setTimeout(timer, 100);}\n        };\n        timer();\n    })();\n<\/script><style>\n#gdgallery-container-2 {\n   text-align: center}\n\n.gdgallery-pagination-2{\ntext-align: center !important;\n}\n\n.gdgallery-pagination-2 a{\n    font-size: 15px !important;\n    padding: 8px 13px !important;\n    margin: 3px !important;\n    border: 1px solid #333333 !important;\n    border-radius: 0px !important;\n    color: #333333 !important;\n    background-color: #FFFFFF !important;\n    font-family: monospace !important;\n}\n\n.gdgallery-pagination-2 a:hover, .gdgallery-pagination-2 a.gdgallery-pagination-icon-active{\n    color: #FFFFFF !important;\n    background-color: #333333 !important;\n    border-color: #333333 !important;\n}\n\n#gdgallery-container-2 .gdgallery_load_more_space{\n    margin-top: 20px !important;\n    text-align: center !important;\n}\n\n#gdgallery-container-2 .gdgallery_load_more_space button{\n                      padding: 8px 13px !important;\n    font-size: 15px !important;\n    background-color: #333333 !important;\n    color: #FFFFFF !important;\n    border:1px solid #333333 !important;\n                      border-radius: 0px !important;\n                      font-family: monospace !important;\n                  }\n#gdgallery-container-2 .gdgallery_load_more_space button:hover{\n                      background-color: #FFFFFF !important;\n                      color: #333333 !important;\n                      border-color: #333333 !important;\n                  }\n\n#gdgallery-container-2 .gdgallery_load_more_space button,\n#gdgallery-container-2 .gdgallery_load_more_space button:hover,\n#gdgallery-container-2 .gdgallery_load_more_space button:active,\n#gdgallery-container-2 .gdgallery_load_more_space button:focus{\n    outline: none !important;\n}\n\n\n#gdgallery-container-2 .gdgallery_loading li{\n                      border: 3px solid #333333 !important;\n                  }\n\n.ug-lightbox .ug-lightbox-top-panel-overlay{\n    background-color: #000000 !important;\n}\n\n\n                  #gdgallery_container_2{}\n<\/style>\n\n\n\n<\/div>\n\n\n\n\n\n\n<p style=\"text-align: justify;\">Sei es der Geburtstag, die Taufe des Kindes oder sogar die eigene Hochzeit.<\/p>\n<p style=\"text-align: justify;\">Wir unterst\u00fctzen Sie bei der Vorbereitung und bieten Ihnen unsere R\u00e4umlichkeiten und unser Personal f\u00fcr Ihre Veranstaltung. Lassen Sie sich durch unsere Impressionen inspirieren und senden uns eine unverbindliche Veranstaltungsanfrage.<\/p>\n<p>&nbsp;<\/p>\n\n<div class=\"gdgallery-gallery-container\" id=\"gdgallery-container-3\" data-id=\"3\">\n    \n<div id=\"gdgallery_container_3\" style=\"display:none;\" data-view=\"justified\">\n            <a href=\"\" target=\"_blank\">\n            <img decoding=\"async\" alt=\"Collage Hochzeit\"\n                 data-type=\"image\"\n                 src=\"https:\/\/ohg-wunstorf.de\/wp-content\/uploads\/2019\/03\/Hochzeit.jpg\"\n                 data-image=\"https:\/\/ohg-wunstorf.de\/wp-content\/uploads\/2019\/03\/Hochzeit.jpg\"\n                 data-description=\"Collage Hochzeit (c) OHG Wunstorf\"\n                                 style=\"display:block\">\n        <\/a>\n            <a href=\"\" target=\"_blank\">\n            <img decoding=\"async\" alt=\"Collage Fr\u00fchst\u00fcckszimmer\"\n                 data-type=\"image\"\n                 src=\"https:\/\/ohg-wunstorf.de\/wp-content\/uploads\/2019\/03\/Fr\u00fchst\u00fccksraum.jpg\"\n                 data-image=\"https:\/\/ohg-wunstorf.de\/wp-content\/uploads\/2019\/03\/Fr\u00fchst\u00fccksraum.jpg\"\n                 data-description=\"Collage Fr\u00fchst\u00fcckszimmer (c) OHG Wunstorf\"\n                                 style=\"display:block\">\n        <\/a>\n            <a href=\"\" target=\"_blank\">\n            <img decoding=\"async\" alt=\"Jahresessen Reservistenverband\"\n                 data-type=\"image\"\n                 src=\"https:\/\/ohg-wunstorf.de\/wp-content\/uploads\/2019\/03\/Jahresessen.jpg\"\n                 data-image=\"https:\/\/ohg-wunstorf.de\/wp-content\/uploads\/2019\/03\/Jahresessen.jpg\"\n                 data-description=\"Jahresessen Reservistenverband(c) OHG Wunstorf\"\n                                 style=\"display:block\">\n        <\/a>\n    <\/div>\n\n\n\n<script type=\"text\/javascript\">\n\n\n    (function() {\n        var runMyCode = function() {\n            jQuery(document).ready(function () {\n                var container = jQuery(\"#gdgallery_container_3\");\n                container.unitegallery({\"gallery_theme\":\"justified\",\"tiles_type\":\"justified\",\"tiles_justified_space_between\":10,\"tile_enable_textpanel\":true,\"tile_textpanel_always_on\":true,\"tile_textpanel_title_text_align\":\"center\",\"tile_textpanel_title_font_size\":\"16\",\"tile_textpanel_title_color\":\"#FFFFFF\",\"tile_textpanel_bg_color\":\"#333333\",\"tile_textpanel_bg_opacity\":0.69999999999999996,\"tile_enable_border\":true,\"tile_border_width\":\"0\",\"tile_border_color\":\"#333333\",\"tile_border_radius\":\"0\",\"tile_enable_overlay\":true,\"tile_enable_image_effect\":true,\"tile_image_effect_type\":\"blur\",\"tile_image_effect_reverse\":true,\"tile_enable_shadow\":false,\"tile_as_link\":false,\"tile_enable_icons\":true,\"tile_show_link_icon\":true,\"tile_textpanel_appear_type\":\"slide\",\"tile_textpanel_position\":\"inside_bottom\",\"tile_link_newpage\":true,\"lightbox_type\":\"wide\",\"lightbox_arrows_offset\":0,\"lightbox_overlay_color\":\"#000000\",\"lightbox_overlay_opacity\":1,\"lightbox_top_panel_opacity\":1,\"lightbox_show_numbers\":true,\"lightbox_numbers_size\":\"15\",\"lightbox_numbers_color\":\"#FFFFFF\",\"lightbox_slider_image_border_width\":\"0\",\"lightbox_slider_image_border_color\":\"#FFFFFF\",\"lightbox_slider_image_border_radius\":0,\"lightbox_slider_image_shadow\":true,\"lightbox_slider_control_swipe\":true,\"lightbox_slider_control_zoom\":true,\"lightbox_slider_image_border\":true,\"lightbox_show_textpanel\":true,\"lightbox_textpanel_enable_title\":true,\"lightbox_textpanel_enable_description\":false,\"lightbox_textpanel_padding_top\":5,\"lightbox_textpanel_padding_bottom\":5,\"lightbox_textpanel_padding_right\":5,\"lightbox_textpanel_padding_left\":5,\"lightbox_textpanel_title_color\":\"#FFFFFF\",\"lightbox_textpanel_title_text_align\":\"center\",\"lightbox_textpanel_title_font_size\":\"16\",\"lightbox_textpanel_desc_color\":\"#FFFFFF\",\"lightbox_textpanel_desc_text_align\":\"center\",\"lightbox_textpanel_desc_font_size\":\"14\"});\n            });\n        };\n        var timer = function() {\n            if (window.jQuery) {runMyCode(window.jQuery);}\n            else {window.setTimeout(timer, 100);}\n        };\n        timer();\n    })();\n<\/script><style>\n#gdgallery-container-3 {\n   text-align: center}\n\n.gdgallery-pagination-3{\ntext-align: center !important;\n}\n\n.gdgallery-pagination-3 a{\n    font-size: 15px !important;\n    padding: 8px 13px !important;\n    margin: 3px !important;\n    border: 1px solid #333333 !important;\n    border-radius: 0px !important;\n    color: #333333 !important;\n    background-color: #FFFFFF !important;\n    font-family: monospace !important;\n}\n\n.gdgallery-pagination-3 a:hover, .gdgallery-pagination-3 a.gdgallery-pagination-icon-active{\n    color: #FFFFFF !important;\n    background-color: #333333 !important;\n    border-color: #333333 !important;\n}\n\n#gdgallery-container-3 .gdgallery_load_more_space{\n    margin-top: 20px !important;\n    text-align: center !important;\n}\n\n#gdgallery-container-3 .gdgallery_load_more_space button{\n                      padding: 8px 13px !important;\n    font-size: 15px !important;\n    background-color: #333333 !important;\n    color: #FFFFFF !important;\n    border:1px solid #333333 !important;\n                      border-radius: 0px !important;\n                      font-family: monospace !important;\n                  }\n#gdgallery-container-3 .gdgallery_load_more_space button:hover{\n                      background-color: #FFFFFF !important;\n                      color: #333333 !important;\n                      border-color: #333333 !important;\n                  }\n\n#gdgallery-container-3 .gdgallery_load_more_space button,\n#gdgallery-container-3 .gdgallery_load_more_space button:hover,\n#gdgallery-container-3 .gdgallery_load_more_space button:active,\n#gdgallery-container-3 .gdgallery_load_more_space button:focus{\n    outline: none !important;\n}\n\n\n#gdgallery-container-3 .gdgallery_loading li{\n                      border: 3px solid #333333 !important;\n                  }\n\n.ug-lightbox .ug-lightbox-top-panel-overlay{\n    background-color: #000000 !important;\n}\n\n\n                  #gdgallery_container_3{}\n<\/style>\n\n\n\n<\/div>\n\n\n\n\n\n\n","protected":false},"excerpt":{"rendered":"<p>Wir bieten unseren Service auch f\u00fcr Ihre Veranstaltung an Sei es der Geburtstag, die Taufe des Kindes oder sogar die eigene Hochzeit. Wir unterst\u00fctzen Sie bei der Vorbereitung und bieten Ihnen unsere R\u00e4umlichkeiten und unser Personal f\u00fcr Ihre Veranstaltung. Lassen Sie sich durch unsere Impressionen inspirieren und senden uns eine unverbindliche Veranstaltungsanfrage. &nbsp;<\/p>\n","protected":false},"author":2,"featured_media":0,"parent":0,"menu_order":0,"comment_status":"closed","ping_status":"closed","template":"","meta":{"footnotes":"","_links_to":"","_links_to_target":""},"class_list":["post-13","page","type-page","status-publish","hentry"],"_links":{"self":[{"href":"https:\/\/ohg-wunstorf.de\/index.php?rest_route=\/wp\/v2\/pages\/13","targetHints":{"allow":["GET"]}}],"collection":[{"href":"https:\/\/ohg-wunstorf.de\/index.php?rest_route=\/wp\/v2\/pages"}],"about":[{"href":"https:\/\/ohg-wunstorf.de\/index.php?rest_route=\/wp\/v2\/types\/page"}],"author":[{"embeddable":true,"href":"https:\/\/ohg-wunstorf.de\/index.php?rest_route=\/wp\/v2\/users\/2"}],"replies":[{"embeddable":true,"href":"https:\/\/ohg-wunstorf.de\/index.php?rest_route=%2Fwp%2Fv2%2Fcomments&post=13"}],"version-history":[{"count":27,"href":"https:\/\/ohg-wunstorf.de\/index.php?rest_route=\/wp\/v2\/pages\/13\/revisions"}],"predecessor-version":[{"id":503,"href":"https:\/\/ohg-wunstorf.de\/index.php?rest_route=\/wp\/v2\/pages\/13\/revisions\/503"}],"wp:attachment":[{"href":"https:\/\/ohg-wunstorf.de\/index.php?rest_route=%2Fwp%2Fv2%2Fmedia&parent=13"}],"curies":[{"name":"wp","href":"https:\/\/api.w.org\/{rel}","templated":true}]}}