{"id":16,"date":"2019-03-06T08:29:49","date_gmt":"2019-03-06T07:29:49","guid":{"rendered":"http:\/\/ohg-wunstorf.de\/wp-ohg\/?page_id=16"},"modified":"2026-02-17T09:46:30","modified_gmt":"2026-02-17T08:46:30","slug":"speisen","status":"publish","type":"page","link":"https:\/\/ohg-wunstorf.de\/?page_id=16","title":{"rendered":"Speisen"},"content":{"rendered":"<h2>Speisekarte<\/h2>\n<p style=\"text-align: justify;\">Um unseren G\u00e4sten ein abwechslungsreiches Speisenangebot zu erm\u00f6glichen, wechseln wir w\u00f6chentlich am Donnerstag unsere Speisekarte. Um eine aktuelle Auskunft zu erhalten, informieren Sie sich bitte an der Bar (05031 \/ 405 2861), welche Karte zu Ihrem Besuch angeboten wird.<\/p>\n<hr \/>\n<table style=\"border-collapse: collapse; width: 100%;\">\n<tbody>\n<tr>\n<td style=\"width: 50%;\"><a href=\"https:\/\/ohg-wunstorf.de\/wp-content\/uploads\/2026\/02\/Karte_01.jpg\"><img loading=\"lazy\" decoding=\"async\" src=\"https:\/\/ohg-wunstorf.de\/wp-content\/uploads\/2026\/02\/Karte_01.jpg\" alt=\"Speisekarte 1\" width=\"350\" height=\"479\" \/><\/a><\/td>\n<td style=\"width: 50%;\"><a href=\"https:\/\/ohg-wunstorf.de\/wp-content\/uploads\/2026\/02\/Karte_02.jpg\"><img loading=\"lazy\" decoding=\"async\" src=\"https:\/\/ohg-wunstorf.de\/wp-content\/uploads\/2026\/02\/Karte_02.jpg\" alt=\"Speisekarte 2\" width=\"350\" height=\"479\" \/><\/a><\/td>\n<\/tr>\n<\/tbody>\n<\/table>\n<table style=\"border-collapse: collapse; width: 100%;\">\n<tbody>\n<tr>\n<td style=\"width: 50%;\"><a href=\"https:\/\/ohg-wunstorf.de\/wp-content\/uploads\/2026\/02\/Karte_03.jpg\"><img loading=\"lazy\" decoding=\"async\" src=\"https:\/\/ohg-wunstorf.de\/wp-content\/uploads\/2026\/02\/Karte_03.jpg\" alt=\"Speisekarte 3\" width=\"350\" height=\"495\" \/><\/a><\/td>\n<td style=\"width: 50%;\"><a href=\"https:\/\/ohg-wunstorf.de\/wp-content\/uploads\/2026\/02\/Karte_04.jpg\"><img loading=\"lazy\" decoding=\"async\" src=\"https:\/\/ohg-wunstorf.de\/wp-content\/uploads\/2026\/02\/Karte_04.jpg\" alt=\"Speisekarte 4\" width=\"350\" height=\"495\" \/><\/a><\/td>\n<\/tr>\n<\/tbody>\n<\/table>\n<h2>Weitere Speisen<\/h2>\n<hr \/>\n<table style=\"border-collapse: collapse; width: 100%; height: 501px;\">\n<tbody>\n<tr style=\"height: 501px;\">\n<td style=\"width: 50%; height: 501px;\"><a href=\"https:\/\/ohg-wunstorf.de\/wp-content\/uploads\/2023\/01\/Fruehstueckskarte.png\"><img loading=\"lazy\" decoding=\"async\" src=\"https:\/\/ohg-wunstorf.de\/wp-content\/uploads\/2023\/01\/Fruehstueckskarte.png\" alt=\"Karte Fr\u00fchst\u00fcck\" width=\"350\" height=\"495\" \/><\/a><\/td>\n<td style=\"width: 50%; height: 501px;\"><a href=\"https:\/\/ohg-wunstorf.de\/wp-content\/uploads\/2023\/01\/Grillen.png\"><img loading=\"lazy\" decoding=\"async\" src=\"https:\/\/ohg-wunstorf.de\/wp-content\/uploads\/2023\/01\/Grillen.png\" alt=\"Karte Grillen\" width=\"350\" height=\"495\" \/><\/a><\/td>\n<\/tr>\n<\/tbody>\n<\/table>\n<hr \/>\n<table style=\"border-collapse: collapse; width: 100%; height: 501px;\">\n<tbody>\n<tr style=\"height: 501px;\">\n<td style=\"width: 50%; height: 501px;\"><a href=\"https:\/\/ohg-wunstorf.de\/wp-content\/uploads\/2023\/01\/Rittermahl.png\"><img loading=\"lazy\" decoding=\"async\" src=\"https:\/\/ohg-wunstorf.de\/wp-content\/uploads\/2023\/01\/Rittermahl.png\" alt=\"Rittermahl\" width=\"350\" height=\"495\" \/><\/a><\/td>\n<td style=\"width: 50%; height: 501px;\"><\/td>\n<\/tr>\n<\/tbody>\n<\/table>\n","protected":false},"excerpt":{"rendered":"<p>Speisekarte Um unseren G\u00e4sten ein abwechslungsreiches Speisenangebot zu erm\u00f6glichen, wechseln wir w\u00f6chentlich am Donnerstag unsere Speisekarte. Um eine aktuelle Auskunft zu erhalten, informieren Sie sich bitte an der Bar (05031 \/ 405 2861), welche Karte zu Ihrem Besuch angeboten wird. Weitere Speisen<\/p>\n","protected":false},"author":2,"featured_media":0,"parent":0,"menu_order":0,"comment_status":"closed","ping_status":"closed","template":"","meta":{"footnotes":"","_links_to":"","_links_to_target":""},"class_list":["post-16","page","type-page","status-publish","hentry"],"_links":{"self":[{"href":"https:\/\/ohg-wunstorf.de\/index.php?rest_route=\/wp\/v2\/pages\/16","targetHints":{"allow":["GET"]}}],"collection":[{"href":"https:\/\/ohg-wunstorf.de\/index.php?rest_route=\/wp\/v2\/pages"}],"about":[{"href":"https:\/\/ohg-wunstorf.de\/index.php?rest_route=\/wp\/v2\/types\/page"}],"author":[{"embeddable":true,"href":"https:\/\/ohg-wunstorf.de\/index.php?rest_route=\/wp\/v2\/users\/2"}],"replies":[{"embeddable":true,"href":"https:\/\/ohg-wunstorf.de\/index.php?rest_route=%2Fwp%2Fv2%2Fcomments&post=16"}],"version-history":[{"count":71,"href":"https:\/\/ohg-wunstorf.de\/index.php?rest_route=\/wp\/v2\/pages\/16\/revisions"}],"predecessor-version":[{"id":1236,"href":"https:\/\/ohg-wunstorf.de\/index.php?rest_route=\/wp\/v2\/pages\/16\/revisions\/1236"}],"wp:attachment":[{"href":"https:\/\/ohg-wunstorf.de\/index.php?rest_route=%2Fwp%2Fv2%2Fmedia&parent=16"}],"curies":[{"name":"wp","href":"https:\/\/api.w.org\/{rel}","templated":true}]}}