{"id":7,"date":"2019-03-06T08:24:23","date_gmt":"2019-03-06T07:24:23","guid":{"rendered":"http:\/\/ohg-wunstorf.de\/wp-ohg\/?page_id=7"},"modified":"2026-04-14T17:47:41","modified_gmt":"2026-04-14T15:47:41","slug":"startseite","status":"publish","type":"page","link":"https:\/\/ohg-wunstorf.de\/","title":{"rendered":"Start"},"content":{"rendered":"<h1 style=\"text-align: center;\">Herzlich Willkommen<\/h1>\n<h3 style=\"text-align: center;\">bei der Offizierheimgesellschaft Fliegerhorst Wunstorf e.V.<\/h3>\n<p style=\"text-align: justify;\">Auf den folgenden Seiten erhalten Sie einen \u00dcberblick \u00fcber das Speisen- und Getr\u00e4nkeangebot, dem Verein sowie aktuelle Veranstaltungen. Wir freuen uns auf ihren Besuch!<\/p>\n<hr \/>\n<p><img decoding=\"async\" class=\"starts\" src=\"https:\/\/ohg-wunstorf.de\/wp-content\/uploads\/2026\/04\/20230615-scaled.jpg\" \/><\/p>\n<p style=\"text-align: justify;\">Um unseren G\u00e4sten ein abwechslungsreiches Speisenangebot zu erm\u00f6glichen, wechseln wir w\u00f6chentlich am Donnerstag unsere Speisekarte. Um eine aktuelle Auskunft zu erhalten, informieren Sie sich bitte an der Bar (05031 \/ 405 2861), welche<strong><span style=\"color: #ffffff;\"> <a style=\"color: #ffffff;\" href=\"https:\/\/ohg-wunstorf.de\/?page_id=16\">Karte<\/a><\/span><\/strong> zu Ihrem Besuch angeboten wird.<\/p>\n","protected":false},"excerpt":{"rendered":"<p>Herzlich Willkommen bei der Offizierheimgesellschaft Fliegerhorst Wunstorf e.V. Auf den folgenden Seiten erhalten Sie einen \u00dcberblick \u00fcber das Speisen- und Getr\u00e4nkeangebot, dem Verein sowie aktuelle Veranstaltungen. Wir freuen uns auf ihren Besuch! Um unseren G\u00e4sten ein abwechslungsreiches Speisenangebot zu erm\u00f6glichen, wechseln wir w\u00f6chentlich am Donnerstag unsere Speisekarte. Um eine aktuelle Auskunft zu erhalten, informieren Sie<\/p><\/div>\n<div class=\"blog-btn\"><a href=\"https:\/\/ohg-wunstorf.de\/\" class=\"home-blog-btn\">Weiterlesen<\/a><\/p>\n","protected":false},"author":2,"featured_media":0,"parent":0,"menu_order":0,"comment_status":"closed","ping_status":"closed","template":"","meta":{"footnotes":"","_links_to":"","_links_to_target":""},"class_list":["post-7","page","type-page","status-publish","hentry"],"_links":{"self":[{"href":"https:\/\/ohg-wunstorf.de\/index.php?rest_route=\/wp\/v2\/pages\/7","targetHints":{"allow":["GET"]}}],"collection":[{"href":"https:\/\/ohg-wunstorf.de\/index.php?rest_route=\/wp\/v2\/pages"}],"about":[{"href":"https:\/\/ohg-wunstorf.de\/index.php?rest_route=\/wp\/v2\/types\/page"}],"author":[{"embeddable":true,"href":"https:\/\/ohg-wunstorf.de\/index.php?rest_route=\/wp\/v2\/users\/2"}],"replies":[{"embeddable":true,"href":"https:\/\/ohg-wunstorf.de\/index.php?rest_route=%2Fwp%2Fv2%2Fcomments&post=7"}],"version-history":[{"count":293,"href":"https:\/\/ohg-wunstorf.de\/index.php?rest_route=\/wp\/v2\/pages\/7\/revisions"}],"predecessor-version":[{"id":1249,"href":"https:\/\/ohg-wunstorf.de\/index.php?rest_route=\/wp\/v2\/pages\/7\/revisions\/1249"}],"wp:attachment":[{"href":"https:\/\/ohg-wunstorf.de\/index.php?rest_route=%2Fwp%2Fv2%2Fmedia&parent=7"}],"curies":[{"name":"wp","href":"https:\/\/api.w.org\/{rel}","templated":true}]}}