{"id":953,"date":"2024-04-23T13:07:40","date_gmt":"2024-04-23T11:07:40","guid":{"rendered":"https:\/\/ohg-wunstorf.de\/?page_id=953"},"modified":"2024-04-24T18:28:12","modified_gmt":"2024-04-24T16:28:12","slug":"unser-team","status":"publish","type":"page","link":"https:\/\/ohg-wunstorf.de\/?page_id=953","title":{"rendered":"Unser Team"},"content":{"rendered":"<p style=\"text-align: center;\"><span style=\"font-size: 14pt;\">An dieser Stellen m\u00f6chten wir Ihnen unser Team vorstellen.<\/span><\/p>\n<p style=\"text-align: center;\">Dies sind die Personen, die f\u00fcr Sie:<\/p>\n<p style=\"text-align: center;\">Kochen, bedienen, abr\u00e4umen, aufbauen, umbauen, abbauen, organisieren, zapfen, kassieren, reinigen, Ihre Feier planen, dekorieren u.s.w.<\/p>\n<p style=\"text-align: center;\">Kurz: Ihnen einen angenehmen Aufenthalt in unserem Haus bereiten<\/p>\n<p style=\"text-align: center;\">Schicht 1<\/p>\n<p style=\"text-align: center;\"><a href=\"https:\/\/ohg-wunstorf.de\/wp-content\/uploads\/2024\/04\/Schicht-1-scaled.jpg\"><img loading=\"lazy\" decoding=\"async\" class=\"aligncenter\" src=\"https:\/\/ohg-wunstorf.de\/wp-content\/uploads\/2024\/04\/Schicht-1-scaled.jpg\" alt=\"Schicht 1\" width=\"401\" height=\"301\" \/><\/a>o.v.l.n.r: Thomas Menge, Christian Celik, Danny Eckard, Albert Heckendorf<br \/>\nu.v.l.n.r.: Tariq Raschid, Marcel Schwarz-Scheele<\/p>\n<p>&nbsp;<\/p>\n<p style=\"text-align: center;\">Schicht 2<\/p>\n<p style=\"text-align: center;\"><img loading=\"lazy\" decoding=\"async\" class=\"aligncenter\" src=\"https:\/\/ohg-wunstorf.de\/wp-content\/uploads\/2024\/04\/Platzhalter-Bild.png\" alt=\"\" width=\"120\" height=\"164\" \/>Die Jungs m\u00f6chten sich leider nicht ablichten lassen.<br \/>\nSie gibt es nur live zu sehen. \ud83d\ude42<\/p>\n<p>&nbsp;<\/p>\n<p style=\"text-align: center;\"><span style=\"text-align: center;\">Restaurantleitung und B\u00fcro<\/span><\/p>\n<p><a href=\"https:\/\/ohg-wunstorf.de\/wp-content\/uploads\/2024\/04\/Katrin_Regina.jpg\"><img loading=\"lazy\" decoding=\"async\" class=\"aligncenter\" src=\"https:\/\/ohg-wunstorf.de\/wp-content\/uploads\/2024\/04\/Katrin_Regina.jpg\" alt=\"\" width=\"329\" height=\"347\" \/><\/a><\/p>\n<p style=\"text-align: center;\">v.l.n.r.: Kathrin Bolduan, Regina Doering<\/p>\n","protected":false},"excerpt":{"rendered":"<p>An dieser Stellen m\u00f6chten wir Ihnen unser Team vorstellen. Dies sind die Personen, die f\u00fcr Sie: Kochen, bedienen, abr\u00e4umen, aufbauen, umbauen, abbauen, organisieren, zapfen, kassieren, reinigen, Ihre Feier planen, dekorieren u.s.w. Kurz: Ihnen einen angenehmen Aufenthalt in unserem Haus bereiten Schicht 1 o.v.l.n.r: Thomas Menge, Christian Celik, Danny Eckard, Albert Heckendorf u.v.l.n.r.: Tariq Raschid, Marcel<\/p><\/div>\n<div class=\"blog-btn\"><a href=\"https:\/\/ohg-wunstorf.de\/?page_id=953\" class=\"home-blog-btn\">Weiterlesen<\/a><\/p>\n","protected":false},"author":2,"featured_media":0,"parent":0,"menu_order":0,"comment_status":"closed","ping_status":"closed","template":"","meta":{"footnotes":"","_links_to":"","_links_to_target":""},"class_list":["post-953","page","type-page","status-publish","hentry"],"_links":{"self":[{"href":"https:\/\/ohg-wunstorf.de\/index.php?rest_route=\/wp\/v2\/pages\/953","targetHints":{"allow":["GET"]}}],"collection":[{"href":"https:\/\/ohg-wunstorf.de\/index.php?rest_route=\/wp\/v2\/pages"}],"about":[{"href":"https:\/\/ohg-wunstorf.de\/index.php?rest_route=\/wp\/v2\/types\/page"}],"author":[{"embeddable":true,"href":"https:\/\/ohg-wunstorf.de\/index.php?rest_route=\/wp\/v2\/users\/2"}],"replies":[{"embeddable":true,"href":"https:\/\/ohg-wunstorf.de\/index.php?rest_route=%2Fwp%2Fv2%2Fcomments&post=953"}],"version-history":[{"count":10,"href":"https:\/\/ohg-wunstorf.de\/index.php?rest_route=\/wp\/v2\/pages\/953\/revisions"}],"predecessor-version":[{"id":966,"href":"https:\/\/ohg-wunstorf.de\/index.php?rest_route=\/wp\/v2\/pages\/953\/revisions\/966"}],"wp:attachment":[{"href":"https:\/\/ohg-wunstorf.de\/index.php?rest_route=%2Fwp%2Fv2%2Fmedia&parent=953"}],"curies":[{"name":"wp","href":"https:\/\/api.w.org\/{rel}","templated":true}]}}